{"id":517,"date":"2020-02-06T22:55:53","date_gmt":"2020-02-06T22:55:53","guid":{"rendered":"https:\/\/campingpineta.com\/fr\/?page_id=517"},"modified":"2020-02-11T23:35:37","modified_gmt":"2020-02-11T23:35:37","slug":"politique-de-cookies","status":"publish","type":"page","link":"https:\/\/campingpineta.com\/fr\/politique-de-cookies\/","title":{"rendered":"Politique de cookies"},"content":{"rendered":"\t\t<div data-elementor-type=\"wp-page\" data-elementor-id=\"517\" class=\"elementor elementor-517\" data-elementor-post-type=\"page\">\n\t\t\t\t\t\t<section class=\"elementor-section elementor-top-section elementor-element elementor-element-17ee9040 elementor-section-boxed elementor-section-height-default elementor-section-height-default\" data-id=\"17ee9040\" data-element_type=\"section\" data-e-type=\"section\">\n\t\t\t\t\t\t<div class=\"elementor-container elementor-column-gap-default\">\n\t\t\t\t\t<div class=\"elementor-column elementor-col-100 elementor-top-column elementor-element elementor-element-7ba56f26\" data-id=\"7ba56f26\" data-element_type=\"column\" data-e-type=\"column\">\n\t\t\t<div class=\"elementor-widget-wrap elementor-element-populated\">\n\t\t\t\t\t\t<div class=\"elementor-element elementor-element-453ed74 elementor-widget elementor-widget-heading\" data-id=\"453ed74\" data-element_type=\"widget\" data-e-type=\"widget\" data-widget_type=\"heading.default\">\n\t\t\t\t<div class=\"elementor-widget-container\">\n\t\t\t\t\t<h1 class=\"elementor-heading-title elementor-size-default\">Politique de cookies<\/h1>\t\t\t\t<\/div>\n\t\t\t\t<\/div>\n\t\t\t\t<div class=\"elementor-element elementor-element-fcb43c7 elementor-widget elementor-widget-heading\" data-id=\"fcb43c7\" data-element_type=\"widget\" data-e-type=\"widget\" data-widget_type=\"heading.default\">\n\t\t\t\t<div class=\"elementor-widget-container\">\n\t\t\t\t\t<h2 class=\"elementor-heading-title elementor-size-default\">Qu'est-ce qu'un cookie?<\/h2>\t\t\t\t<\/div>\n\t\t\t\t<\/div>\n\t\t\t\t<div class=\"elementor-element elementor-element-6fe34b63 elementor-widget elementor-widget-text-editor\" data-id=\"6fe34b63\" data-element_type=\"widget\" data-e-type=\"widget\" data-widget_type=\"text-editor.default\">\n\t\t\t\t<div class=\"elementor-widget-container\">\n\t\t\t\t\t\t\t\t\t<p>Un cookie est un fichier qui est t\u00e9l\u00e9charg\u00e9 sur votre ordinateur lors de l&#8217;acc\u00e8s \u00e0 certaines pages Web. Les cookies permettent, entre autres, \u00e0 une page Web de stocker et de r\u00e9cup\u00e9rer des informations sur les habitudes de navigation d&#8217;un utilisateur ou de son \u00e9quipement et, en fonction des informations qu&#8217;ils contiennent et de la fa\u00e7on dont ils utilisent leur \u00e9quipement, ils peuvent \u00eatre utilis\u00e9s pour reconna\u00eetre \u00e0 l&#8217;utilisateur<\/p>\t\t\t\t\t\t\t\t<\/div>\n\t\t\t\t<\/div>\n\t\t\t\t<div class=\"elementor-element elementor-element-a50604e elementor-widget elementor-widget-heading\" data-id=\"a50604e\" data-element_type=\"widget\" data-e-type=\"widget\" data-widget_type=\"heading.default\">\n\t\t\t\t<div class=\"elementor-widget-container\">\n\t\t\t\t\t<h2 class=\"elementor-heading-title elementor-size-default\">Quels cookies cette page utilise-t-elle?<\/h2>\t\t\t\t<\/div>\n\t\t\t\t<\/div>\n\t\t\t\t<div class=\"elementor-element elementor-element-23f2f69 elementor-widget elementor-widget-text-editor\" data-id=\"23f2f69\" data-element_type=\"widget\" data-e-type=\"widget\" data-widget_type=\"text-editor.default\">\n\t\t\t\t<div class=\"elementor-widget-container\">\n\t\t\t\t\t\t\t\t\t<p>PHPSESSID: Attribuez un num\u00e9ro pour naviguer et acc\u00e9der aux diff\u00e9rents sites de la page.<\/p>\t\t\t\t\t\t\t\t<\/div>\n\t\t\t\t<\/div>\n\t\t\t\t\t<\/div>\n\t\t<\/div>\n\t\t\t\t\t<\/div>\n\t\t<\/section>\n\t\t\t\t<\/div>\n\t\t","protected":false},"excerpt":{"rendered":"<p>Politique de cookies Qu&#8217;est-ce qu&#8217;un cookie? Un cookie est un fichier qui est t\u00e9l\u00e9charg\u00e9 sur votre ordinateur lors de l&#8217;acc\u00e8s \u00e0 certaines pages Web. Les cookies permettent, entre autres, \u00e0 une page Web de stocker et de r\u00e9cup\u00e9rer des informations sur les habitudes de navigation d&#8217;un utilisateur ou de son \u00e9quipement et, en fonction des [&hellip;]<\/p>\n","protected":false},"author":1,"featured_media":0,"parent":0,"menu_order":0,"comment_status":"closed","ping_status":"closed","template":"elementor_header_footer","meta":{"footnotes":""},"class_list":["post-517","page","type-page","status-publish","hentry"],"_links":{"self":[{"href":"https:\/\/campingpineta.com\/fr\/wp-json\/wp\/v2\/pages\/517","targetHints":{"allow":["GET"]}}],"collection":[{"href":"https:\/\/campingpineta.com\/fr\/wp-json\/wp\/v2\/pages"}],"about":[{"href":"https:\/\/campingpineta.com\/fr\/wp-json\/wp\/v2\/types\/page"}],"author":[{"embeddable":true,"href":"https:\/\/campingpineta.com\/fr\/wp-json\/wp\/v2\/users\/1"}],"replies":[{"embeddable":true,"href":"https:\/\/campingpineta.com\/fr\/wp-json\/wp\/v2\/comments?post=517"}],"version-history":[{"count":5,"href":"https:\/\/campingpineta.com\/fr\/wp-json\/wp\/v2\/pages\/517\/revisions"}],"predecessor-version":[{"id":851,"href":"https:\/\/campingpineta.com\/fr\/wp-json\/wp\/v2\/pages\/517\/revisions\/851"}],"wp:attachment":[{"href":"https:\/\/campingpineta.com\/fr\/wp-json\/wp\/v2\/media?parent=517"}],"curies":[{"name":"wp","href":"https:\/\/api.w.org\/{rel}","templated":true}]}}