{"id":484,"date":"2020-02-06T22:26:38","date_gmt":"2020-02-06T22:26:38","guid":{"rendered":"https:\/\/campingpineta.com\/fr\/?page_id=484"},"modified":"2020-02-14T11:11:00","modified_gmt":"2020-02-14T10:11:00","slug":"chambres","status":"publish","type":"page","link":"https:\/\/campingpineta.com\/fr\/hebergements\/chambres\/","title":{"rendered":"Chambres"},"content":{"rendered":"\t\t<div data-elementor-type=\"wp-page\" data-elementor-id=\"484\" class=\"elementor elementor-484\" data-elementor-post-type=\"page\">\n\t\t\t\t\t\t<section class=\"elementor-section elementor-top-section elementor-element elementor-element-64c4273 elementor-section-height-min-height elementor-section-boxed elementor-section-height-default elementor-section-items-middle\" data-id=\"64c4273\" data-element_type=\"section\" data-e-type=\"section\" data-settings=\"{&quot;background_background&quot;:&quot;classic&quot;}\">\n\t\t\t\t\t\t<div class=\"elementor-container elementor-column-gap-no\">\n\t\t\t\t\t<div class=\"elementor-column elementor-col-100 elementor-top-column elementor-element elementor-element-1859590\" data-id=\"1859590\" data-element_type=\"column\" data-e-type=\"column\">\n\t\t\t<div class=\"elementor-widget-wrap elementor-element-populated\">\n\t\t\t\t\t\t<div class=\"elementor-element elementor-element-97ed67d elementor-widget elementor-widget-heading\" data-id=\"97ed67d\" data-element_type=\"widget\" data-e-type=\"widget\" data-widget_type=\"heading.default\">\n\t\t\t\t<div class=\"elementor-widget-container\">\n\t\t\t\t\t<h1 class=\"elementor-heading-title elementor-size-default\">Chambres<\/h1>\t\t\t\t<\/div>\n\t\t\t\t<\/div>\n\t\t\t\t\t<\/div>\n\t\t<\/div>\n\t\t\t\t\t<\/div>\n\t\t<\/section>\n\t\t\t\t<section class=\"elementor-section elementor-top-section elementor-element elementor-element-f515114 elementor-section-boxed elementor-section-height-default elementor-section-height-default\" data-id=\"f515114\" data-element_type=\"section\" data-e-type=\"section\">\n\t\t\t\t\t\t<div class=\"elementor-container elementor-column-gap-default\">\n\t\t\t\t\t<div class=\"elementor-column elementor-col-100 elementor-top-column elementor-element elementor-element-c0ade1e\" data-id=\"c0ade1e\" data-element_type=\"column\" data-e-type=\"column\">\n\t\t\t<div class=\"elementor-widget-wrap elementor-element-populated\">\n\t\t\t\t\t\t<div class=\"elementor-element elementor-element-bacb1f9 elementor-widget elementor-widget-text-editor\" data-id=\"bacb1f9\" data-element_type=\"widget\" data-e-type=\"widget\" data-widget_type=\"text-editor.default\">\n\t\t\t\t<div class=\"elementor-widget-container\">\n\t\t\t\t\t\t\t\t\t<p>Jolies chambres doubles avec vue spectaculaire sur le Mallo Gran.<\/p>\t\t\t\t\t\t\t\t<\/div>\n\t\t\t\t<\/div>\n\t\t\t\t<div class=\"elementor-element elementor-element-d370e7c elementor-widget elementor-widget-heading\" data-id=\"d370e7c\" data-element_type=\"widget\" data-e-type=\"widget\" data-widget_type=\"heading.default\">\n\t\t\t\t<div class=\"elementor-widget-container\">\n\t\t\t\t\t<h3 class=\"elementor-heading-title elementor-size-default\">Compris<\/h3>\t\t\t\t<\/div>\n\t\t\t\t<\/div>\n\t\t\t\t<div class=\"elementor-element elementor-element-ba98cd6 elementor-widget elementor-widget-text-editor\" data-id=\"ba98cd6\" data-element_type=\"widget\" data-e-type=\"widget\" data-widget_type=\"text-editor.default\">\n\t\t\t\t<div class=\"elementor-widget-container\">\n\t\t\t\t\t\t\t\t\t<ul><li>Lit King size<\/li><li>salle de bain individuelle avec douche<\/li><li>linge de lit et serviettes<\/li><li>TV<\/li><li>amenities<\/li><li>s\u00e8che-cheveux<\/li><\/ul>\t\t\t\t\t\t\t\t<\/div>\n\t\t\t\t<\/div>\n\t\t\t\t<div class=\"elementor-element elementor-element-87b7852 elementor-align-end elementor-icon-list--layout-traditional elementor-list-item-link-full_width elementor-widget elementor-widget-icon-list\" data-id=\"87b7852\" data-element_type=\"widget\" data-e-type=\"widget\" data-widget_type=\"icon-list.default\">\n\t\t\t\t<div class=\"elementor-widget-container\">\n\t\t\t\t\t\t\t<ul class=\"elementor-icon-list-items\">\n\t\t\t\t\t\t\t<li class=\"elementor-icon-list-item\">\n\t\t\t\t\t\t\t\t\t\t\t<a href=\"#tarifa-habitacion\">\n\n\t\t\t\t\t\t\t\t\t\t\t<span class=\"elementor-icon-list-text\">Voir tarifs<\/span>\n\t\t\t\t\t\t\t\t\t\t\t<\/a>\n\t\t\t\t\t\t\t\t\t<\/li>\n\t\t\t\t\t\t<\/ul>\n\t\t\t\t\t\t<\/div>\n\t\t\t\t<\/div>\n\t\t\t\t<div class=\"elementor-element elementor-element-8bed867 elementor-widget elementor-widget-gallery\" data-id=\"8bed867\" data-element_type=\"widget\" data-e-type=\"widget\" data-settings=\"{&quot;columns&quot;:2,&quot;columns_tablet&quot;:1,&quot;lazyload&quot;:&quot;yes&quot;,&quot;gallery_layout&quot;:&quot;grid&quot;,&quot;columns_mobile&quot;:1,&quot;gap&quot;:{&quot;unit&quot;:&quot;px&quot;,&quot;size&quot;:10,&quot;sizes&quot;:[]},&quot;gap_tablet&quot;:{&quot;unit&quot;:&quot;px&quot;,&quot;size&quot;:10,&quot;sizes&quot;:[]},&quot;gap_mobile&quot;:{&quot;unit&quot;:&quot;px&quot;,&quot;size&quot;:10,&quot;sizes&quot;:[]},&quot;link_to&quot;:&quot;file&quot;,&quot;aspect_ratio&quot;:&quot;3:2&quot;,&quot;overlay_background&quot;:&quot;yes&quot;,&quot;content_hover_animation&quot;:&quot;fade-in&quot;}\" data-widget_type=\"gallery.default\">\n\t\t\t\t<div class=\"elementor-widget-container\">\n\t\t\t\t\t\t\t<div class=\"elementor-gallery__container\">\n\t\t\t\t\t\t\t<a class=\"e-gallery-item elementor-gallery-item elementor-animated-content\" href=\"https:\/\/campingpineta.com\/fr\/wp-content\/uploads\/sites\/3\/2020\/02\/Habitacion1.jpg\" data-elementor-open-lightbox=\"yes\" data-elementor-lightbox-slideshow=\"8bed867\" data-elementor-lightbox-title=\"Habitacion1\" data-e-action-hash=\"#elementor-action%3Aaction%3Dlightbox%26settings%3DeyJpZCI6NDg3LCJ1cmwiOiJodHRwczpcL1wvY2FtcGluZ3BpbmV0YS5jb21cL2ZyXC93cC1jb250ZW50XC91cGxvYWRzXC9zaXRlc1wvM1wvMjAyMFwvMDJcL0hhYml0YWNpb24xLmpwZyIsInNsaWRlc2hvdyI6IjhiZWQ4NjcifQ%3D%3D\">\n\t\t\t\t\t<div class=\"e-gallery-image elementor-gallery-item__image\" data-thumbnail=\"https:\/\/campingpineta.com\/fr\/wp-content\/uploads\/sites\/3\/2020\/02\/Habitacion1.jpg\" data-width=\"995\" data-height=\"636\" aria-label=\"\" role=\"img\" ><\/div>\n\t\t\t\t\t\t\t\t\t\t\t<div class=\"elementor-gallery-item__overlay\"><\/div>\n\t\t\t\t\t\t\t\t\t\t\t\t\t\t<\/a>\n\t\t\t\t\t\t\t<a class=\"e-gallery-item elementor-gallery-item elementor-animated-content\" href=\"https:\/\/campingpineta.com\/fr\/wp-content\/uploads\/sites\/3\/2020\/02\/Habitacion2.jpg\" data-elementor-open-lightbox=\"yes\" data-elementor-lightbox-slideshow=\"8bed867\" data-elementor-lightbox-title=\"Habitacion2\" data-e-action-hash=\"#elementor-action%3Aaction%3Dlightbox%26settings%3DeyJpZCI6NDg4LCJ1cmwiOiJodHRwczpcL1wvY2FtcGluZ3BpbmV0YS5jb21cL2ZyXC93cC1jb250ZW50XC91cGxvYWRzXC9zaXRlc1wvM1wvMjAyMFwvMDJcL0hhYml0YWNpb24yLmpwZyIsInNsaWRlc2hvdyI6IjhiZWQ4NjcifQ%3D%3D\">\n\t\t\t\t\t<div class=\"e-gallery-image elementor-gallery-item__image\" data-thumbnail=\"https:\/\/campingpineta.com\/fr\/wp-content\/uploads\/sites\/3\/2020\/02\/Habitacion2.jpg\" data-width=\"995\" data-height=\"636\" aria-label=\"\" role=\"img\" ><\/div>\n\t\t\t\t\t\t\t\t\t\t\t<div class=\"elementor-gallery-item__overlay\"><\/div>\n\t\t\t\t\t\t\t\t\t\t\t\t\t\t<\/a>\n\t\t\t\t\t\t\t<a class=\"e-gallery-item elementor-gallery-item elementor-animated-content\" href=\"https:\/\/campingpineta.com\/fr\/wp-content\/uploads\/sites\/3\/2020\/02\/Habitacion3.jpg\" data-elementor-open-lightbox=\"yes\" data-elementor-lightbox-slideshow=\"8bed867\" data-elementor-lightbox-title=\"Habitacion3\" data-e-action-hash=\"#elementor-action%3Aaction%3Dlightbox%26settings%3DeyJpZCI6NDg5LCJ1cmwiOiJodHRwczpcL1wvY2FtcGluZ3BpbmV0YS5jb21cL2ZyXC93cC1jb250ZW50XC91cGxvYWRzXC9zaXRlc1wvM1wvMjAyMFwvMDJcL0hhYml0YWNpb24zLmpwZyIsInNsaWRlc2hvdyI6IjhiZWQ4NjcifQ%3D%3D\">\n\t\t\t\t\t<div class=\"e-gallery-image elementor-gallery-item__image\" data-thumbnail=\"https:\/\/campingpineta.com\/fr\/wp-content\/uploads\/sites\/3\/2020\/02\/Habitacion3.jpg\" data-width=\"995\" data-height=\"636\" aria-label=\"\" role=\"img\" ><\/div>\n\t\t\t\t\t\t\t\t\t\t\t<div class=\"elementor-gallery-item__overlay\"><\/div>\n\t\t\t\t\t\t\t\t\t\t\t\t\t\t<\/a>\n\t\t\t\t\t\t\t<a class=\"e-gallery-item elementor-gallery-item elementor-animated-content\" href=\"https:\/\/campingpineta.com\/fr\/wp-content\/uploads\/sites\/3\/2020\/02\/Habitacion4.jpg\" data-elementor-open-lightbox=\"yes\" data-elementor-lightbox-slideshow=\"8bed867\" data-elementor-lightbox-title=\"Habitacion4\" data-e-action-hash=\"#elementor-action%3Aaction%3Dlightbox%26settings%3DeyJpZCI6NDkwLCJ1cmwiOiJodHRwczpcL1wvY2FtcGluZ3BpbmV0YS5jb21cL2ZyXC93cC1jb250ZW50XC91cGxvYWRzXC9zaXRlc1wvM1wvMjAyMFwvMDJcL0hhYml0YWNpb240LmpwZyIsInNsaWRlc2hvdyI6IjhiZWQ4NjcifQ%3D%3D\">\n\t\t\t\t\t<div class=\"e-gallery-image elementor-gallery-item__image\" data-thumbnail=\"https:\/\/campingpineta.com\/fr\/wp-content\/uploads\/sites\/3\/2020\/02\/Habitacion4.jpg\" data-width=\"995\" data-height=\"636\" aria-label=\"\" role=\"img\" ><\/div>\n\t\t\t\t\t\t\t\t\t\t\t<div class=\"elementor-gallery-item__overlay\"><\/div>\n\t\t\t\t\t\t\t\t\t\t\t\t\t\t<\/a>\n\t\t\t\t\t<\/div>\n\t\t\t\t\t<\/div>\n\t\t\t\t<\/div>\n\t\t\t\t<div class=\"elementor-element elementor-element-3d4f550 elementor-widget elementor-widget-template\" data-id=\"3d4f550\" data-element_type=\"widget\" data-e-type=\"widget\" id=\"tarifa-habitacion\" data-widget_type=\"template.default\">\n\t\t\t\t<div class=\"elementor-widget-container\">\n\t\t\t\t\t\t\t<div class=\"elementor-template\">\n\t\t\t\t\t<div data-elementor-type=\"section\" data-elementor-id=\"440\" class=\"elementor elementor-440\" data-elementor-post-type=\"elementor_library\">\n\t\t\t\t\t<section class=\"elementor-section elementor-top-section elementor-element elementor-element-abcca06 elementor-section-boxed elementor-section-height-default elementor-section-height-default\" data-id=\"abcca06\" data-element_type=\"section\" data-e-type=\"section\">\n\t\t\t\t\t\t<div class=\"elementor-container elementor-column-gap-default\">\n\t\t\t\t\t<div class=\"elementor-column elementor-col-100 elementor-top-column elementor-element elementor-element-7cc1711\" data-id=\"7cc1711\" data-element_type=\"column\" data-e-type=\"column\">\n\t\t\t<div class=\"elementor-widget-wrap elementor-element-populated\">\n\t\t\t\t\t\t<div class=\"elementor-element elementor-element-89d25eb elementor-widget elementor-widget-heading\" data-id=\"89d25eb\" data-element_type=\"widget\" data-e-type=\"widget\" data-widget_type=\"heading.default\">\n\t\t\t\t<div class=\"elementor-widget-container\">\n\t\t\t\t\t<h3 class=\"elementor-heading-title elementor-size-default\">Tarifs Chambres<\/h3>\t\t\t\t<\/div>\n\t\t\t\t<\/div>\n\t\t\t\t<div class=\"elementor-element elementor-element-5b6d055 ee-table--responsive ee-table-mobile-header--row elementor-widget elementor-widget-table\" data-id=\"5b6d055\" data-element_type=\"widget\" data-e-type=\"widget\" data-settings=\"{&quot;mobile_headers_auto&quot;:&quot;yes&quot;}\" data-widget_type=\"table.default\">\n\t\t\t\t<div class=\"elementor-widget-container\">\n\t\t\t\t\t\t\t\n\t\t<table class=\"ee-table ee-table--even ee-table--rules\">\n\n\t\t\t\t\t\t<colgroup>\n\t\t\t\t\t\t\t\t<col span=\"1\" class=\"elementor-repeater-item-75ad4e8\">\n\t\t\t\t\t\t\t<\/colgroup>\n\t\t<thead>\n\t\t\t<tr class=\"ee-table__row\">\n\n\t\t\t<th class=\"ee-table__cell elementor-repeater-item-54be145\">\n\t\t\t\t\t<span class=\"ee-table__text\"><span class=\"ee-table__text__inner\"><\/span>\n\n\t\t\t\t\t\t\n\t\t\t\t\t<\/span>\n\t\t\t\t<\/th>\n\n\t\t\t<th class=\"ee-table__cell elementor-repeater-item-2e9edb7\">\n\t\t\t\t\t<span class=\"ee-table__text\"><span class=\"ee-table__text__inner\">Basse saison (\u20ac\/noche)<\/span>\n\n\t\t\t\t\t\t\n\t\t\t\t\t<\/span>\n\t\t\t\t<\/th>\n\n\t\t\t<th class=\"ee-table__cell elementor-repeater-item-fb3d376\">\n\t\t\t\t\t<span class=\"ee-table__text\"><span class=\"ee-table__text__inner\">Haute saison (\u20ac\/noche)<\/span>\n\n\t\t\t\t\t\t\n\t\t\t\t\t<\/span>\n\t\t\t\t<\/th>\n\n\t\t\t\t\t\t<\/tr>\n\t\t<\/thead><tbody><tr class=\"ee-table__row elementor-repeater-item-593655b\">\n\t\t<td class=\"ee-table__cell elementor-repeater-item-e949d43\">\n\t\t\t<span class=\"ee-table__text\"><span class=\"ee-table__text__inner\">Habitacion Normal<\/span>\n\n\t\t\t<\/span>\n\t\t<\/td><td class=\"ee-table__cell elementor-repeater-item-26cff52\" data-title=\"Basse saison (\u20ac\/noche)\">\n\t\t\t<span class=\"ee-table__text\"><span class=\"ee-table__text__inner\">65.00<\/span>\n\n\t\t\t<\/span>\n\t\t<\/td><td class=\"ee-table__cell elementor-repeater-item-17d2cfb\" data-title=\"Haute saison (\u20ac\/noche)\">\n\t\t\t<span class=\"ee-table__text\"><span class=\"ee-table__text__inner\">75.00<\/span>\n\n\t\t\t<\/span>\n\t\t<\/td><\/tr>\n\t\t\t<\/tbody>\n\t\t<\/table>\n\n\t\t\t\t\t\t<\/div>\n\t\t\t\t<\/div>\n\t\t\t\t<div class=\"elementor-element elementor-element-d7754c0 ee-trigger-align--right elementor-widget elementor-widget-unfold\" data-id=\"d7754c0\" data-element_type=\"widget\" data-e-type=\"widget\" data-settings=\"{&quot;visible_percentage&quot;:{&quot;unit&quot;:&quot;px&quot;,&quot;size&quot;:10,&quot;sizes&quot;:[]},&quot;duration_unfold&quot;:{&quot;unit&quot;:&quot;px&quot;,&quot;size&quot;:0.5,&quot;sizes&quot;:[]},&quot;animation_unfold&quot;:&quot;Power4&quot;,&quot;easing_unfold&quot;:&quot;easeInOut&quot;,&quot;duration_fold&quot;:{&quot;unit&quot;:&quot;px&quot;,&quot;size&quot;:0.5,&quot;sizes&quot;:[]},&quot;animation_fold&quot;:&quot;Power4&quot;,&quot;easing_fold&quot;:&quot;easeInOut&quot;}\" data-widget_type=\"unfold.default\">\n\t\t\t\t<div class=\"elementor-widget-container\">\n\t\t\t\t\t<div class=\"ee-unfold\">\n\t\t\t<div class=\"ee-unfold__mask\">\n\t\t\t\t<div class=\"ee-unfold__content\">\n\t\t\t\t\t<p>Personne en plus en lit suppl\u00e9mentaire : 20.00\u20ac\u00a0<br \/>Prix par nuit, 10% TVA incluse\u00a0<br \/>place de parking <br \/>Heure d\u2019arriv\u00e9e: \u00e0 partir de 16:00h\u00a0<br \/>Heure de d\u00e9part: jusqu\u2019\u00e0 11:00h\u00a0<br \/>animaux non autoris\u00e9s\u00a0<br \/>interdiction de cuisiner dans les chambres et dans leurs couloirs d\u2019acc\u00e8s.<\/p><p><strong>PROMOTIONS<\/strong><\/p><p>10% de remise sur le total du s\u00e9jour pour s\u00e9jours de plus de 10 nuits. Promotions non cumulables.\u00a0<\/p><p><strong>CONDITIONS DE R\u00c9SERVATION<\/strong><\/p><p>La chambre sera disponible \u00e0 partir de 16h du jour d\u2019arriv\u00e9e. Le d\u00e9part doit se faire avant 11h. Il est indispensable de pr\u00e9senter une pi\u00e8ce d\u2019identit\u00e9 ou passeport pour tous les majeurs de 16 ans \u00e0 leur arriv\u00e9e.\u00a0\u00a0<\/p><p><strong>CONFIRMATION DE RESERVATION CONDITIONS D\u2019ANNULATION<\/strong><\/p><p>Pour que votre r\u00e9servation soit confirm\u00e9e, vous devrez faire le paiement de 35% du total du s\u00e9jour par virement bancaire. La confirmation se fera par mail une fois le paiement correspondant re\u00e7u.<\/p><p><strong>ANNULATION DE RESERVATION<\/strong> annulations re\u00e7ues par \u00e9crit plus de 30 jours avant la date d\u2019arriv\u00e9e : arrhes enti\u00e8rement rembours\u00e9s. Annulations re\u00e7ues par \u00e9crit de 15 \u00e0 30 jours avant la date d\u2019arriv\u00e9e : la moiti\u00e9 des arrhes rembours\u00e9s. Annulations re\u00e7ues par \u00e9crit moins de 15 jours avant l\u2019arriv\u00e9e pr\u00e9vue: perte du total des arrhes vers\u00e9s.<\/p>\t\t\t\t<\/div>\n\t\t\t\t<div class=\"ee-unfold__separator\"><\/div>\n\t\t\t<\/div>\n\t\t\t<div class=\"ee-unfold__trigger\">\n\t\t\t\t<span class=\"ee-button-wrapper\">\n\t\t\t\t\t<span class=\"ee-button ee-size-sm\">\n\t\t\t\t\t\t<span class=\"ee-button-content-wrapper\"><span class=\"ee-button-text\" data-close-label=\"Masquer les informations sur les taux\" data-open-label=\"Afficher les informations sur les tarifs\">Afficher les informations sur les tarifs<\/span>\n\t\t<\/span>\n\t\t\t\t\t\t\t<\/span>\n\t\t\t\t<\/span>\n\t\t\t<\/div>\n\t\t<\/div>\t\t\t\t<\/div>\n\t\t\t\t<\/div>\n\t\t\t\t<div class=\"elementor-element elementor-element-541a13b elementor-widget elementor-widget-text-editor\" data-id=\"541a13b\" data-element_type=\"widget\" data-e-type=\"widget\" data-widget_type=\"text-editor.default\">\n\t\t\t\t<div class=\"elementor-widget-container\">\n\t\t\t\t\t\t\t\t\t<p><span style=\"text-decoration: underline;\">Haute saison<\/span>: P\u00e2ques. Juillet et ao\u00fbt.<br \/><span style=\"text-decoration: underline;\">Basse saison<\/span>: autres dates.<\/p><p><strong>Ouvert de la Semaine Sainte au 12 octobre.<\/strong><\/p>\t\t\t\t\t\t\t\t<\/div>\n\t\t\t\t<\/div>\n\t\t\t\t\t<\/div>\n\t\t<\/div>\n\t\t\t\t\t<\/div>\n\t\t<\/section>\n\t\t\t\t<\/div>\n\t\t\t\t<\/div>\n\t\t\t\t\t\t<\/div>\n\t\t\t\t<\/div>\n\t\t\t\t\t<\/div>\n\t\t<\/div>\n\t\t\t\t\t<\/div>\n\t\t<\/section>\n\t\t\t\t<\/div>\n\t\t","protected":false},"excerpt":{"rendered":"<p>Chambres Jolies chambres doubles avec vue spectaculaire sur le Mallo Gran. Compris Lit King size salle de bain individuelle avec douche linge de lit et serviettes TV amenities s\u00e8che-cheveux Voir tarifs<\/p>\n","protected":false},"author":1,"featured_media":0,"parent":21,"menu_order":0,"comment_status":"closed","ping_status":"closed","template":"elementor_header_footer","meta":{"footnotes":""},"class_list":["post-484","page","type-page","status-publish","hentry"],"_links":{"self":[{"href":"https:\/\/campingpineta.com\/fr\/wp-json\/wp\/v2\/pages\/484","targetHints":{"allow":["GET"]}}],"collection":[{"href":"https:\/\/campingpineta.com\/fr\/wp-json\/wp\/v2\/pages"}],"about":[{"href":"https:\/\/campingpineta.com\/fr\/wp-json\/wp\/v2\/types\/page"}],"author":[{"embeddable":true,"href":"https:\/\/campingpineta.com\/fr\/wp-json\/wp\/v2\/users\/1"}],"replies":[{"embeddable":true,"href":"https:\/\/campingpineta.com\/fr\/wp-json\/wp\/v2\/comments?post=484"}],"version-history":[{"count":5,"href":"https:\/\/campingpineta.com\/fr\/wp-json\/wp\/v2\/pages\/484\/revisions"}],"predecessor-version":[{"id":917,"href":"https:\/\/campingpineta.com\/fr\/wp-json\/wp\/v2\/pages\/484\/revisions\/917"}],"up":[{"embeddable":true,"href":"https:\/\/campingpineta.com\/fr\/wp-json\/wp\/v2\/pages\/21"}],"wp:attachment":[{"href":"https:\/\/campingpineta.com\/fr\/wp-json\/wp\/v2\/media?parent=484"}],"curies":[{"name":"wp","href":"https:\/\/api.w.org\/{rel}","templated":true}]}}