{"id":448,"date":"2020-02-06T18:26:41","date_gmt":"2020-02-06T18:26:41","guid":{"rendered":"https:\/\/campingpineta.com\/fr\/?page_id=448"},"modified":"2020-02-11T23:26:29","modified_gmt":"2020-02-11T23:26:29","slug":"camping","status":"publish","type":"page","link":"https:\/\/campingpineta.com\/fr\/hebergements\/camping\/","title":{"rendered":"Camping"},"content":{"rendered":"\t\t<div data-elementor-type=\"wp-page\" data-elementor-id=\"448\" class=\"elementor elementor-448\" data-elementor-post-type=\"page\">\n\t\t\t\t\t\t<section class=\"elementor-section elementor-top-section elementor-element elementor-element-64c4273 elementor-section-height-min-height elementor-section-boxed elementor-section-height-default elementor-section-items-middle\" data-id=\"64c4273\" data-element_type=\"section\" data-e-type=\"section\" data-settings=\"{&quot;background_background&quot;:&quot;classic&quot;}\">\n\t\t\t\t\t\t<div class=\"elementor-container elementor-column-gap-no\">\n\t\t\t\t\t<div class=\"elementor-column elementor-col-100 elementor-top-column elementor-element elementor-element-1859590\" data-id=\"1859590\" data-element_type=\"column\" data-e-type=\"column\">\n\t\t\t<div class=\"elementor-widget-wrap elementor-element-populated\">\n\t\t\t\t\t\t<div class=\"elementor-element elementor-element-97ed67d elementor-widget elementor-widget-heading\" data-id=\"97ed67d\" data-element_type=\"widget\" data-e-type=\"widget\" data-widget_type=\"heading.default\">\n\t\t\t\t<div class=\"elementor-widget-container\">\n\t\t\t\t\t<h1 class=\"elementor-heading-title elementor-size-default\">Camping<\/h1>\t\t\t\t<\/div>\n\t\t\t\t<\/div>\n\t\t\t\t\t<\/div>\n\t\t<\/div>\n\t\t\t\t\t<\/div>\n\t\t<\/section>\n\t\t\t\t<section class=\"elementor-section elementor-top-section elementor-element elementor-element-f515114 elementor-section-boxed elementor-section-height-default elementor-section-height-default\" data-id=\"f515114\" data-element_type=\"section\" data-e-type=\"section\">\n\t\t\t\t\t\t<div class=\"elementor-container elementor-column-gap-default\">\n\t\t\t\t\t<div class=\"elementor-column elementor-col-100 elementor-top-column elementor-element elementor-element-c0ade1e\" data-id=\"c0ade1e\" data-element_type=\"column\" data-e-type=\"column\">\n\t\t\t<div class=\"elementor-widget-wrap elementor-element-populated\">\n\t\t\t\t\t\t<div class=\"elementor-element elementor-element-bacb1f9 elementor-widget elementor-widget-text-editor\" data-id=\"bacb1f9\" data-element_type=\"widget\" data-e-type=\"widget\" data-widget_type=\"text-editor.default\">\n\t\t\t\t<div class=\"elementor-widget-container\">\n\t\t\t\t\t\t\t\t\t<p>Vastes emplacements avec vue sur le massif du Mont Perdu.<\/p><p>Vastes emplacements avec vue sur le massif du Mont Perdu<strong>. Bien ombrag\u00e9s. \u00c9lectricit\u00e9 et eau potable. Nous disposons d\u2019une zone sans emplacements marqu\u00e9s, entour\u00e9e de for\u00eats de pins et de buis.\u00a0 <\/strong><\/p><p>La zone de camping est distribu\u00e9e en deux secteurs diff\u00e9rents, dans lesquels vous profiterez de vacances en pleine nature. Zone avec emplacements marqu\u00e9s, vastes et ombrag\u00e9s, sol d\u2019herbe de haute montagne, pour caravanes, tentes et camping-cars. \u00c9lectricit\u00e9. 6 amp\u00e8res maximum. Nous mettons \u00e9galement \u00e0 disposition de nos clients une vaste prairie, sans emplacements, entour\u00e9e de for\u00eats de pins et buis avec herbe naturelle pour que vous puissiez planter votre tente. Eau potable disponible sur l\u2019ensemble du camping.<\/p>\t\t\t\t\t\t\t\t<\/div>\n\t\t\t\t<\/div>\n\t\t\t\t<div class=\"elementor-element elementor-element-87b7852 elementor-align-end elementor-icon-list--layout-traditional elementor-list-item-link-full_width elementor-widget elementor-widget-icon-list\" data-id=\"87b7852\" data-element_type=\"widget\" data-e-type=\"widget\" data-widget_type=\"icon-list.default\">\n\t\t\t\t<div class=\"elementor-widget-container\">\n\t\t\t\t\t\t\t<ul class=\"elementor-icon-list-items\">\n\t\t\t\t\t\t\t<li class=\"elementor-icon-list-item\">\n\t\t\t\t\t\t\t\t\t\t\t<a href=\"#tarifa-camping\">\n\n\t\t\t\t\t\t\t\t\t\t\t<span class=\"elementor-icon-list-text\">Voir tarifs<\/span>\n\t\t\t\t\t\t\t\t\t\t\t<\/a>\n\t\t\t\t\t\t\t\t\t<\/li>\n\t\t\t\t\t\t<\/ul>\n\t\t\t\t\t\t<\/div>\n\t\t\t\t<\/div>\n\t\t\t\t<div class=\"elementor-element elementor-element-8bed867 elementor-widget elementor-widget-gallery\" data-id=\"8bed867\" data-element_type=\"widget\" data-e-type=\"widget\" data-settings=\"{&quot;columns&quot;:2,&quot;columns_tablet&quot;:1,&quot;lazyload&quot;:&quot;yes&quot;,&quot;gallery_layout&quot;:&quot;grid&quot;,&quot;columns_mobile&quot;:1,&quot;gap&quot;:{&quot;unit&quot;:&quot;px&quot;,&quot;size&quot;:10,&quot;sizes&quot;:[]},&quot;gap_tablet&quot;:{&quot;unit&quot;:&quot;px&quot;,&quot;size&quot;:10,&quot;sizes&quot;:[]},&quot;gap_mobile&quot;:{&quot;unit&quot;:&quot;px&quot;,&quot;size&quot;:10,&quot;sizes&quot;:[]},&quot;link_to&quot;:&quot;file&quot;,&quot;aspect_ratio&quot;:&quot;3:2&quot;,&quot;overlay_background&quot;:&quot;yes&quot;,&quot;content_hover_animation&quot;:&quot;fade-in&quot;}\" data-widget_type=\"gallery.default\">\n\t\t\t\t<div class=\"elementor-widget-container\">\n\t\t\t\t\t\t\t<div class=\"elementor-gallery__container\">\n\t\t\t\t\t\t\t<a class=\"e-gallery-item elementor-gallery-item elementor-animated-content\" href=\"https:\/\/campingpineta.com\/fr\/wp-content\/uploads\/sites\/3\/2020\/02\/Camping1.jpg\" data-elementor-open-lightbox=\"yes\" data-elementor-lightbox-slideshow=\"8bed867\" data-elementor-lightbox-title=\"Camping1\" data-e-action-hash=\"#elementor-action%3Aaction%3Dlightbox%26settings%3DeyJpZCI6NDUyLCJ1cmwiOiJodHRwczpcL1wvY2FtcGluZ3BpbmV0YS5jb21cL2ZyXC93cC1jb250ZW50XC91cGxvYWRzXC9zaXRlc1wvM1wvMjAyMFwvMDJcL0NhbXBpbmcxLmpwZyIsInNsaWRlc2hvdyI6IjhiZWQ4NjcifQ%3D%3D\">\n\t\t\t\t\t<div class=\"e-gallery-image elementor-gallery-item__image\" data-thumbnail=\"https:\/\/campingpineta.com\/fr\/wp-content\/uploads\/sites\/3\/2020\/02\/Camping1.jpg\" data-width=\"995\" data-height=\"636\" aria-label=\"\" role=\"img\" ><\/div>\n\t\t\t\t\t\t\t\t\t\t\t<div class=\"elementor-gallery-item__overlay\"><\/div>\n\t\t\t\t\t\t\t\t\t\t\t\t\t\t<\/a>\n\t\t\t\t\t\t\t<a class=\"e-gallery-item elementor-gallery-item elementor-animated-content\" href=\"https:\/\/campingpineta.com\/fr\/wp-content\/uploads\/sites\/3\/2020\/02\/Camping2.jpg\" data-elementor-open-lightbox=\"yes\" data-elementor-lightbox-slideshow=\"8bed867\" data-elementor-lightbox-title=\"Camping2\" data-e-action-hash=\"#elementor-action%3Aaction%3Dlightbox%26settings%3DeyJpZCI6NDUzLCJ1cmwiOiJodHRwczpcL1wvY2FtcGluZ3BpbmV0YS5jb21cL2ZyXC93cC1jb250ZW50XC91cGxvYWRzXC9zaXRlc1wvM1wvMjAyMFwvMDJcL0NhbXBpbmcyLmpwZyIsInNsaWRlc2hvdyI6IjhiZWQ4NjcifQ%3D%3D\">\n\t\t\t\t\t<div class=\"e-gallery-image elementor-gallery-item__image\" data-thumbnail=\"https:\/\/campingpineta.com\/fr\/wp-content\/uploads\/sites\/3\/2020\/02\/Camping2.jpg\" data-width=\"995\" data-height=\"636\" aria-label=\"\" role=\"img\" ><\/div>\n\t\t\t\t\t\t\t\t\t\t\t<div class=\"elementor-gallery-item__overlay\"><\/div>\n\t\t\t\t\t\t\t\t\t\t\t\t\t\t<\/a>\n\t\t\t\t\t\t\t<a class=\"e-gallery-item elementor-gallery-item elementor-animated-content\" href=\"https:\/\/campingpineta.com\/fr\/wp-content\/uploads\/sites\/3\/2020\/02\/Camping3.jpg\" data-elementor-open-lightbox=\"yes\" data-elementor-lightbox-slideshow=\"8bed867\" data-elementor-lightbox-title=\"Camping3\" data-e-action-hash=\"#elementor-action%3Aaction%3Dlightbox%26settings%3DeyJpZCI6NDU0LCJ1cmwiOiJodHRwczpcL1wvY2FtcGluZ3BpbmV0YS5jb21cL2ZyXC93cC1jb250ZW50XC91cGxvYWRzXC9zaXRlc1wvM1wvMjAyMFwvMDJcL0NhbXBpbmczLmpwZyIsInNsaWRlc2hvdyI6IjhiZWQ4NjcifQ%3D%3D\">\n\t\t\t\t\t<div class=\"e-gallery-image elementor-gallery-item__image\" data-thumbnail=\"https:\/\/campingpineta.com\/fr\/wp-content\/uploads\/sites\/3\/2020\/02\/Camping3.jpg\" data-width=\"995\" data-height=\"636\" aria-label=\"\" role=\"img\" ><\/div>\n\t\t\t\t\t\t\t\t\t\t\t<div class=\"elementor-gallery-item__overlay\"><\/div>\n\t\t\t\t\t\t\t\t\t\t\t\t\t\t<\/a>\n\t\t\t\t\t\t\t<a class=\"e-gallery-item elementor-gallery-item elementor-animated-content\" href=\"https:\/\/campingpineta.com\/fr\/wp-content\/uploads\/sites\/3\/2020\/02\/Camping4.jpg\" data-elementor-open-lightbox=\"yes\" data-elementor-lightbox-slideshow=\"8bed867\" data-elementor-lightbox-title=\"Camping4\" data-e-action-hash=\"#elementor-action%3Aaction%3Dlightbox%26settings%3DeyJpZCI6NDU1LCJ1cmwiOiJodHRwczpcL1wvY2FtcGluZ3BpbmV0YS5jb21cL2ZyXC93cC1jb250ZW50XC91cGxvYWRzXC9zaXRlc1wvM1wvMjAyMFwvMDJcL0NhbXBpbmc0LmpwZyIsInNsaWRlc2hvdyI6IjhiZWQ4NjcifQ%3D%3D\">\n\t\t\t\t\t<div class=\"e-gallery-image elementor-gallery-item__image\" data-thumbnail=\"https:\/\/campingpineta.com\/fr\/wp-content\/uploads\/sites\/3\/2020\/02\/Camping4.jpg\" data-width=\"995\" data-height=\"636\" aria-label=\"\" role=\"img\" ><\/div>\n\t\t\t\t\t\t\t\t\t\t\t<div class=\"elementor-gallery-item__overlay\"><\/div>\n\t\t\t\t\t\t\t\t\t\t\t\t\t\t<\/a>\n\t\t\t\t\t\t\t<a class=\"e-gallery-item elementor-gallery-item elementor-animated-content\" href=\"https:\/\/campingpineta.com\/fr\/wp-content\/uploads\/sites\/3\/2020\/02\/Camping5.jpg\" data-elementor-open-lightbox=\"yes\" data-elementor-lightbox-slideshow=\"8bed867\" data-elementor-lightbox-title=\"Camping5\" data-e-action-hash=\"#elementor-action%3Aaction%3Dlightbox%26settings%3DeyJpZCI6NDU2LCJ1cmwiOiJodHRwczpcL1wvY2FtcGluZ3BpbmV0YS5jb21cL2ZyXC93cC1jb250ZW50XC91cGxvYWRzXC9zaXRlc1wvM1wvMjAyMFwvMDJcL0NhbXBpbmc1LmpwZyIsInNsaWRlc2hvdyI6IjhiZWQ4NjcifQ%3D%3D\">\n\t\t\t\t\t<div class=\"e-gallery-image elementor-gallery-item__image\" data-thumbnail=\"https:\/\/campingpineta.com\/fr\/wp-content\/uploads\/sites\/3\/2020\/02\/Camping5.jpg\" data-width=\"995\" data-height=\"636\" aria-label=\"\" role=\"img\" ><\/div>\n\t\t\t\t\t\t\t\t\t\t\t<div class=\"elementor-gallery-item__overlay\"><\/div>\n\t\t\t\t\t\t\t\t\t\t\t\t\t\t<\/a>\n\t\t\t\t\t\t\t<a class=\"e-gallery-item elementor-gallery-item elementor-animated-content\" href=\"https:\/\/campingpineta.com\/fr\/wp-content\/uploads\/sites\/3\/2020\/02\/Camping6.jpg\" data-elementor-open-lightbox=\"yes\" data-elementor-lightbox-slideshow=\"8bed867\" data-elementor-lightbox-title=\"Camping6\" data-e-action-hash=\"#elementor-action%3Aaction%3Dlightbox%26settings%3DeyJpZCI6NDU3LCJ1cmwiOiJodHRwczpcL1wvY2FtcGluZ3BpbmV0YS5jb21cL2ZyXC93cC1jb250ZW50XC91cGxvYWRzXC9zaXRlc1wvM1wvMjAyMFwvMDJcL0NhbXBpbmc2LmpwZyIsInNsaWRlc2hvdyI6IjhiZWQ4NjcifQ%3D%3D\">\n\t\t\t\t\t<div class=\"e-gallery-image elementor-gallery-item__image\" data-thumbnail=\"https:\/\/campingpineta.com\/fr\/wp-content\/uploads\/sites\/3\/2020\/02\/Camping6.jpg\" data-width=\"995\" data-height=\"636\" aria-label=\"\" role=\"img\" ><\/div>\n\t\t\t\t\t\t\t\t\t\t\t<div class=\"elementor-gallery-item__overlay\"><\/div>\n\t\t\t\t\t\t\t\t\t\t\t\t\t\t<\/a>\n\t\t\t\t\t<\/div>\n\t\t\t\t\t<\/div>\n\t\t\t\t<\/div>\n\t\t\t\t<div class=\"elementor-element elementor-element-3d4f550 elementor-widget elementor-widget-template\" data-id=\"3d4f550\" data-element_type=\"widget\" data-e-type=\"widget\" id=\"tarifa-camping\" data-widget_type=\"template.default\">\n\t\t\t\t<div class=\"elementor-widget-container\">\n\t\t\t\t\t\t\t<div class=\"elementor-template\">\n\t\t\t\t\t<div data-elementor-type=\"section\" data-elementor-id=\"427\" class=\"elementor elementor-427\" data-elementor-post-type=\"elementor_library\">\n\t\t\t\t\t<section class=\"elementor-section elementor-top-section elementor-element elementor-element-da4964d elementor-section-boxed elementor-section-height-default elementor-section-height-default\" data-id=\"da4964d\" data-element_type=\"section\" data-e-type=\"section\">\n\t\t\t\t\t\t<div class=\"elementor-container elementor-column-gap-default\">\n\t\t\t\t\t<div class=\"elementor-column elementor-col-100 elementor-top-column elementor-element elementor-element-838f353\" data-id=\"838f353\" data-element_type=\"column\" data-e-type=\"column\">\n\t\t\t<div class=\"elementor-widget-wrap elementor-element-populated\">\n\t\t\t\t\t\t<div class=\"elementor-element elementor-element-4b1df02 elementor-widget elementor-widget-heading\" data-id=\"4b1df02\" data-element_type=\"widget\" data-e-type=\"widget\" data-widget_type=\"heading.default\">\n\t\t\t\t<div class=\"elementor-widget-container\">\n\t\t\t\t\t<h3 class=\"elementor-heading-title elementor-size-default\">Tarifs camping<\/h3>\t\t\t\t<\/div>\n\t\t\t\t<\/div>\n\t\t\t\t<div class=\"elementor-element elementor-element-9688a61 ee-table--responsive ee-table-mobile-header--row elementor-widget elementor-widget-table\" data-id=\"9688a61\" data-element_type=\"widget\" data-e-type=\"widget\" data-settings=\"{&quot;mobile_headers_auto&quot;:&quot;yes&quot;}\" data-widget_type=\"table.default\">\n\t\t\t\t<div class=\"elementor-widget-container\">\n\t\t\t\t\t\t\t\n\t\t<table class=\"ee-table ee-table--even ee-table--rules\">\n\n\t\t\t\t\t\t<colgroup>\n\t\t\t\t\t\t\t\t<col span=\"1\" class=\"elementor-repeater-item-75ad4e8\">\n\t\t\t\t\t\t\t<\/colgroup>\n\t\t<thead>\n\t\t\t<tr class=\"ee-table__row\">\n\n\t\t\t<th class=\"ee-table__cell elementor-repeater-item-54be145\">\n\t\t\t\t\t<span class=\"ee-table__text\"><span class=\"ee-table__text__inner\"><\/span>\n\n\t\t\t\t\t\t\n\t\t\t\t\t<\/span>\n\t\t\t\t<\/th>\n\n\t\t\t<th class=\"ee-table__cell elementor-repeater-item-2e9edb7\">\n\t\t\t\t\t<span class=\"ee-table__text\"><span class=\"ee-table__text__inner\">Basse saison (\u20ac\/noche)\u200b<\/span>\n\n\t\t\t\t\t\t\n\t\t\t\t\t<\/span>\n\t\t\t\t<\/th>\n\n\t\t\t<th class=\"ee-table__cell elementor-repeater-item-fb3d376\">\n\t\t\t\t\t<span class=\"ee-table__text\"><span class=\"ee-table__text__inner\">Temporada Alta (\u20ac\/noche)<\/span>\n\n\t\t\t\t\t\t\n\t\t\t\t\t<\/span>\n\t\t\t\t<\/th>\n\n\t\t\t\t\t\t<\/tr>\n\t\t<\/thead><tbody><tr class=\"ee-table__row elementor-repeater-item-593655b\">\n\t\t<td class=\"ee-table__cell elementor-repeater-item-e949d43\">\n\t\t\t<span class=\"ee-table__text\"><span class=\"ee-table__text__inner\">Adulte<\/span>\n\n\t\t\t<\/span>\n\t\t<\/td><td class=\"ee-table__cell elementor-repeater-item-26cff52\" data-title=\"Basse saison (\u20ac\/noche)\u200b\">\n\t\t\t<span class=\"ee-table__text\"><span class=\"ee-table__text__inner\">6.05<\/span>\n\n\t\t\t<\/span>\n\t\t<\/td><td class=\"ee-table__cell elementor-repeater-item-17d2cfb\" data-title=\"Temporada Alta (\u20ac\/noche)\">\n\t\t\t<span class=\"ee-table__text\"><span class=\"ee-table__text__inner\">6.70<\/span>\n\n\t\t\t<\/span>\n\t\t<\/td><\/tr><tr class=\"ee-table__row elementor-repeater-item-f1445b8\">\n\n\t\t<td class=\"ee-table__cell elementor-repeater-item-67074d0\">\n\t\t\t<span class=\"ee-table__text\"><span class=\"ee-table__text__inner\">Enfant, jusqu'\u00e0 12 ans<\/span>\n\n\t\t\t<\/span>\n\t\t<\/td><td class=\"ee-table__cell elementor-repeater-item-0d59093\" data-title=\"Basse saison (\u20ac\/noche)\u200b\">\n\t\t\t<span class=\"ee-table__text\"><span class=\"ee-table__text__inner\">4.90<\/span>\n\n\t\t\t<\/span>\n\t\t<\/td><td class=\"ee-table__cell elementor-repeater-item-e9203cc\" data-title=\"Temporada Alta (\u20ac\/noche)\">\n\t\t\t<span class=\"ee-table__text\"><span class=\"ee-table__text__inner\">5.45<\/span>\n\n\t\t\t<\/span>\n\t\t<\/td><\/tr><tr class=\"ee-table__row elementor-repeater-item-c8bdc11\">\n\n\t\t<td class=\"ee-table__cell elementor-repeater-item-61e2fe0\">\n\t\t\t<span class=\"ee-table__text\"><span class=\"ee-table__text__inner\">Boutique<\/span>\n\n\t\t\t<\/span>\n\t\t<\/td><td class=\"ee-table__cell elementor-repeater-item-313c67e\" data-title=\"Basse saison (\u20ac\/noche)\u200b\">\n\t\t\t<span class=\"ee-table__text\"><span class=\"ee-table__text__inner\">6.05<\/span>\n\n\t\t\t<\/span>\n\t\t<\/td><td class=\"ee-table__cell elementor-repeater-item-08e2c2d\" data-title=\"Temporada Alta (\u20ac\/noche)\">\n\t\t\t<span class=\"ee-table__text\"><span class=\"ee-table__text__inner\">6.70<\/span>\n\n\t\t\t<\/span>\n\t\t<\/td><\/tr><tr class=\"ee-table__row elementor-repeater-item-d58262f\">\n\n\t\t<td class=\"ee-table__cell elementor-repeater-item-b4e046f\">\n\t\t\t<span class=\"ee-table__text\"><span class=\"ee-table__text__inner\">Caravane<\/span>\n\n\t\t\t<\/span>\n\t\t<\/td><td class=\"ee-table__cell elementor-repeater-item-f50b086\" data-title=\"Basse saison (\u20ac\/noche)\u200b\">\n\t\t\t<span class=\"ee-table__text\"><span class=\"ee-table__text__inner\">6.60<\/span>\n\n\t\t\t<\/span>\n\t\t<\/td><td class=\"ee-table__cell elementor-repeater-item-efdce3b\" data-title=\"Temporada Alta (\u20ac\/noche)\">\n\t\t\t<span class=\"ee-table__text\"><span class=\"ee-table__text__inner\">7.40<\/span>\n\n\t\t\t<\/span>\n\t\t<\/td><\/tr><tr class=\"ee-table__row elementor-repeater-item-5687c0f\">\n\n\t\t<td class=\"ee-table__cell elementor-repeater-item-5391bdd\">\n\t\t\t<span class=\"ee-table__text\"><span class=\"ee-table__text__inner\">Camping-car<\/span>\n\n\t\t\t<\/span>\n\t\t<\/td><td class=\"ee-table__cell elementor-repeater-item-6b85e86\" data-title=\"Basse saison (\u20ac\/noche)\u200b\">\n\t\t\t<span class=\"ee-table__text\"><span class=\"ee-table__text__inner\">8.65<\/span>\n\n\t\t\t<\/span>\n\t\t<\/td><td class=\"ee-table__cell elementor-repeater-item-5d95e41\" data-title=\"Temporada Alta (\u20ac\/noche)\">\n\t\t\t<span class=\"ee-table__text\"><span class=\"ee-table__text__inner\">9.80<\/span>\n\n\t\t\t<\/span>\n\t\t<\/td><\/tr><tr class=\"ee-table__row elementor-repeater-item-0c5aa07\">\n\n\t\t<td class=\"ee-table__cell elementor-repeater-item-c1bfdf4\">\n\t\t\t<span class=\"ee-table__text\"><span class=\"ee-table__text__inner\">Voiture<\/span>\n\n\t\t\t<\/span>\n\t\t<\/td><td class=\"ee-table__cell elementor-repeater-item-ea7cbb2\" data-title=\"Basse saison (\u20ac\/noche)\u200b\">\n\t\t\t<span class=\"ee-table__text\"><span class=\"ee-table__text__inner\">6.05<\/span>\n\n\t\t\t<\/span>\n\t\t<\/td><td class=\"ee-table__cell elementor-repeater-item-b4d5951\" data-title=\"Temporada Alta (\u20ac\/noche)\">\n\t\t\t<span class=\"ee-table__text\"><span class=\"ee-table__text__inner\">6.70<\/span>\n\n\t\t\t<\/span>\n\t\t<\/td><\/tr><tr class=\"ee-table__row elementor-repeater-item-e9857dd\">\n\n\t\t<td class=\"ee-table__cell elementor-repeater-item-347ebbd\">\n\t\t\t<span class=\"ee-table__text\"><span class=\"ee-table__text__inner\">La moto<\/span>\n\n\t\t\t<\/span>\n\t\t<\/td><td class=\"ee-table__cell elementor-repeater-item-3f62b99\" data-title=\"Basse saison (\u20ac\/noche)\u200b\">\n\t\t\t<span class=\"ee-table__text\"><span class=\"ee-table__text__inner\">5.00<\/span>\n\n\t\t\t<\/span>\n\t\t<\/td><td class=\"ee-table__cell elementor-repeater-item-b571946\" data-title=\"Temporada Alta (\u20ac\/noche)\">\n\t\t\t<span class=\"ee-table__text\"><span class=\"ee-table__text__inner\">5.70<\/span>\n\n\t\t\t<\/span>\n\t\t<\/td><\/tr><tr class=\"ee-table__row elementor-repeater-item-dbf4a7b\">\n\n\t\t<td class=\"ee-table__cell elementor-repeater-item-f9f9c41\">\n\t\t\t<span class=\"ee-table__text\"><span class=\"ee-table__text__inner\">\u00c9lectricit\u00e9<\/span>\n\n\t\t\t<\/span>\n\t\t<\/td><td class=\"ee-table__cell elementor-repeater-item-ace4df7\" data-title=\"Basse saison (\u20ac\/noche)\u200b\">\n\t\t\t<span class=\"ee-table__text\"><span class=\"ee-table__text__inner\">6.40<\/span>\n\n\t\t\t<\/span>\n\t\t<\/td><td class=\"ee-table__cell elementor-repeater-item-18db895\" data-title=\"Temporada Alta (\u20ac\/noche)\">\n\t\t\t<span class=\"ee-table__text\"><span class=\"ee-table__text__inner\">6.40<\/span>\n\n\t\t\t<\/span>\n\t\t<\/td><\/tr><tr class=\"ee-table__row elementor-repeater-item-efc63e6\">\n\n\t\t<td class=\"ee-table__cell elementor-repeater-item-ece96d4\">\n\t\t\t<span class=\"ee-table__text\"><span class=\"ee-table__text__inner\">Chien<\/span>\n\n\t\t\t<\/span>\n\t\t<\/td><td class=\"ee-table__cell elementor-repeater-item-4a92b4f\" data-title=\"Basse saison (\u20ac\/noche)\u200b\">\n\t\t\t<span class=\"ee-table__text\"><span class=\"ee-table__text__inner\">4.20<\/span>\n\n\t\t\t<\/span>\n\t\t<\/td><td class=\"ee-table__cell elementor-repeater-item-a71bffe\" data-title=\"Temporada Alta (\u20ac\/noche)\">\n\t\t\t<span class=\"ee-table__text\"><span class=\"ee-table__text__inner\">4.20<\/span>\n\n\t\t\t<\/span>\n\t\t<\/td><\/tr>\n\t\t\t<\/tbody>\n\t\t<\/table>\n\n\t\t\t\t\t\t<\/div>\n\t\t\t\t<\/div>\n\t\t\t\t<div class=\"elementor-element elementor-element-2f3ee66 ee-trigger-align--right elementor-widget elementor-widget-unfold\" data-id=\"2f3ee66\" data-element_type=\"widget\" data-e-type=\"widget\" data-settings=\"{&quot;visible_percentage&quot;:{&quot;unit&quot;:&quot;px&quot;,&quot;size&quot;:10,&quot;sizes&quot;:[]},&quot;duration_unfold&quot;:{&quot;unit&quot;:&quot;px&quot;,&quot;size&quot;:0.5,&quot;sizes&quot;:[]},&quot;animation_unfold&quot;:&quot;Power4&quot;,&quot;easing_unfold&quot;:&quot;easeInOut&quot;,&quot;duration_fold&quot;:{&quot;unit&quot;:&quot;px&quot;,&quot;size&quot;:0.5,&quot;sizes&quot;:[]},&quot;animation_fold&quot;:&quot;Power4&quot;,&quot;easing_fold&quot;:&quot;easeInOut&quot;}\" data-widget_type=\"unfold.default\">\n\t\t\t\t<div class=\"elementor-widget-container\">\n\t\t\t\t\t<div class=\"ee-unfold\">\n\t\t\t<div class=\"ee-unfold__mask\">\n\t\t\t\t<div class=\"ee-unfold__content\">\n\t\t\t\t\t<p>Heure d\u2019arriv\u00e9e : A partir de 13h.<br \/>Heure de d\u00e9part: jusqu\u2019\u00e0 midi<br \/>animaux admis. max 2 par emplacement.\u00a0<br \/>Barbecues et grillades interdits.\u00a0<br \/>Toutes les installations du camping disposent d\u2019eau potable.\u00a0<br \/>pas de r\u00e9servation d\u2019emplacements.\u00a0<br \/>Pour les longs s\u00e9jours, merci de nous contacter.\u00a0<\/p>\t\t\t\t<\/div>\n\t\t\t\t<div class=\"ee-unfold__separator\"><\/div>\n\t\t\t<\/div>\n\t\t\t<div class=\"ee-unfold__trigger\">\n\t\t\t\t<span class=\"ee-button-wrapper\">\n\t\t\t\t\t<span class=\"ee-button ee-size-sm\">\n\t\t\t\t\t\t<span class=\"ee-button-content-wrapper\"><span class=\"ee-button-text\" data-close-label=\"Masquer les informations sur les taux\" data-open-label=\"Afficher les informations sur les tarifs\">Afficher les informations sur les tarifs<\/span>\n\t\t<\/span>\n\t\t\t\t\t\t\t<\/span>\n\t\t\t\t<\/span>\n\t\t\t<\/div>\n\t\t<\/div>\t\t\t\t<\/div>\n\t\t\t\t<\/div>\n\t\t\t\t<div class=\"elementor-element elementor-element-408ed26 elementor-widget elementor-widget-text-editor\" data-id=\"408ed26\" data-element_type=\"widget\" data-e-type=\"widget\" data-widget_type=\"text-editor.default\">\n\t\t\t\t<div class=\"elementor-widget-container\">\n\t\t\t\t\t\t\t\t\t<p>Haute saison: P\u00e2ques. Juillet et ao\u00fbt.<br \/>Basse saison: autres dates.<\/p><p><strong>Ouvert de la Semaine Sainte au 12 octobre.<\/strong><\/p>\t\t\t\t\t\t\t\t<\/div>\n\t\t\t\t<\/div>\n\t\t\t\t\t<\/div>\n\t\t<\/div>\n\t\t\t\t\t<\/div>\n\t\t<\/section>\n\t\t\t\t<\/div>\n\t\t\t\t<\/div>\n\t\t\t\t\t\t<\/div>\n\t\t\t\t<\/div>\n\t\t\t\t\t<\/div>\n\t\t<\/div>\n\t\t\t\t\t<\/div>\n\t\t<\/section>\n\t\t\t\t<\/div>\n\t\t","protected":false},"excerpt":{"rendered":"<p>Camping Vastes emplacements avec vue sur le massif du Mont Perdu. Vastes emplacements avec vue sur le massif du Mont Perdu. Bien ombrag\u00e9s. \u00c9lectricit\u00e9 et eau potable. Nous disposons d\u2019une zone sans emplacements marqu\u00e9s, entour\u00e9e de for\u00eats de pins et de buis.\u00a0 La zone de camping est distribu\u00e9e en deux secteurs diff\u00e9rents, dans lesquels vous [&hellip;]<\/p>\n","protected":false},"author":1,"featured_media":0,"parent":21,"menu_order":0,"comment_status":"closed","ping_status":"closed","template":"elementor_header_footer","meta":{"footnotes":""},"class_list":["post-448","page","type-page","status-publish","hentry"],"_links":{"self":[{"href":"https:\/\/campingpineta.com\/fr\/wp-json\/wp\/v2\/pages\/448","targetHints":{"allow":["GET"]}}],"collection":[{"href":"https:\/\/campingpineta.com\/fr\/wp-json\/wp\/v2\/pages"}],"about":[{"href":"https:\/\/campingpineta.com\/fr\/wp-json\/wp\/v2\/types\/page"}],"author":[{"embeddable":true,"href":"https:\/\/campingpineta.com\/fr\/wp-json\/wp\/v2\/users\/1"}],"replies":[{"embeddable":true,"href":"https:\/\/campingpineta.com\/fr\/wp-json\/wp\/v2\/comments?post=448"}],"version-history":[{"count":5,"href":"https:\/\/campingpineta.com\/fr\/wp-json\/wp\/v2\/pages\/448\/revisions"}],"predecessor-version":[{"id":841,"href":"https:\/\/campingpineta.com\/fr\/wp-json\/wp\/v2\/pages\/448\/revisions\/841"}],"up":[{"embeddable":true,"href":"https:\/\/campingpineta.com\/fr\/wp-json\/wp\/v2\/pages\/21"}],"wp:attachment":[{"href":"https:\/\/campingpineta.com\/fr\/wp-json\/wp\/v2\/media?parent=448"}],"curies":[{"name":"wp","href":"https:\/\/api.w.org\/{rel}","templated":true}]}}