{"id":3,"date":"2020-01-30T22:31:37","date_gmt":"2020-01-30T22:31:37","guid":{"rendered":"https:\/\/campingpineta.com\/fr\/?page_id=3"},"modified":"2020-02-11T23:37:01","modified_gmt":"2020-02-11T23:37:01","slug":"avis-juridique","status":"publish","type":"page","link":"https:\/\/campingpineta.com\/fr\/avis-juridique\/","title":{"rendered":"Avis juridique"},"content":{"rendered":"\t\t<div data-elementor-type=\"wp-page\" data-elementor-id=\"3\" class=\"elementor elementor-3\" data-elementor-post-type=\"page\">\n\t\t\t\t\t\t<section class=\"elementor-section elementor-top-section elementor-element elementor-element-17ee9040 elementor-section-boxed elementor-section-height-default elementor-section-height-default\" data-id=\"17ee9040\" data-element_type=\"section\" data-e-type=\"section\">\n\t\t\t\t\t\t<div class=\"elementor-container elementor-column-gap-default\">\n\t\t\t\t\t<div class=\"elementor-column elementor-col-100 elementor-top-column elementor-element elementor-element-7ba56f26\" data-id=\"7ba56f26\" data-element_type=\"column\" data-e-type=\"column\">\n\t\t\t<div class=\"elementor-widget-wrap elementor-element-populated\">\n\t\t\t\t\t\t<div class=\"elementor-element elementor-element-453ed74 elementor-widget elementor-widget-heading\" data-id=\"453ed74\" data-element_type=\"widget\" data-e-type=\"widget\" data-widget_type=\"heading.default\">\n\t\t\t\t<div class=\"elementor-widget-container\">\n\t\t\t\t\t<h1 class=\"elementor-heading-title elementor-size-default\">Aviso Legal<\/h1>\t\t\t\t<\/div>\n\t\t\t\t<\/div>\n\t\t\t\t<div class=\"elementor-element elementor-element-fcb43c7 elementor-widget elementor-widget-heading\" data-id=\"fcb43c7\" data-element_type=\"widget\" data-e-type=\"widget\" data-widget_type=\"heading.default\">\n\t\t\t\t<div class=\"elementor-widget-container\">\n\t\t\t\t\t<h2 class=\"elementor-heading-title elementor-size-default\">Entreprise<\/h2>\t\t\t\t<\/div>\n\t\t\t\t<\/div>\n\t\t\t\t<div class=\"elementor-element elementor-element-6fe34b63 elementor-widget elementor-widget-text-editor\" data-id=\"6fe34b63\" data-element_type=\"widget\" data-e-type=\"widget\" data-widget_type=\"text-editor.default\">\n\t\t\t\t<div class=\"elementor-widget-container\">\n\t\t\t\t\t\t\t\t\t<p>CAMPING PINETA, S.L.<br \/>CIF: B22372692<br \/>CARRETERA PINETA, KM 7, ESPIERBA, BIELSA. 22350 <br \/>TFNO. 974 501 089 606 717 731 <br \/>DATOS REGISTRO DE LA SOCIEDAD MERCANTIL REGISTRO MERCANTIL DE HUESCA <br \/>Tomo 592 <br \/>Libro 0 Folio 31 <br \/>Hoja HU-11133<\/p>\t\t\t\t\t\t\t\t<\/div>\n\t\t\t\t<\/div>\n\t\t\t\t<div class=\"elementor-element elementor-element-a50604e elementor-widget elementor-widget-heading\" data-id=\"a50604e\" data-element_type=\"widget\" data-e-type=\"widget\" data-widget_type=\"heading.default\">\n\t\t\t\t<div class=\"elementor-widget-container\">\n\t\t\t\t\t<h2 class=\"elementor-heading-title elementor-size-default\">Que fait l'entreprise?<\/h2>\t\t\t\t<\/div>\n\t\t\t\t<\/div>\n\t\t\t\t<div class=\"elementor-element elementor-element-23f2f69 elementor-widget elementor-widget-text-editor\" data-id=\"23f2f69\" data-element_type=\"widget\" data-e-type=\"widget\" data-widget_type=\"text-editor.default\">\n\t\t\t\t<div class=\"elementor-widget-container\">\n\t\t\t\t\t\t\t\t\t<p>Camping de montagne deuxi\u00e8me cat\u00e9gorie. Situ\u00e9 dans le parc national d&#8217;Ordesa et Monte Perdido, dans les Pyr\u00e9n\u00e9es aragonaises. Soci\u00e9t\u00e9 d&#8217;h\u00e9bergement touristique en camping. Il dispose d&#8217;un camping, de bungalows et de chambres associ\u00e9es et de tous les services d&#8217;un camping de sa cat\u00e9gorie.<\/p>\t\t\t\t\t\t\t\t<\/div>\n\t\t\t\t<\/div>\n\t\t\t\t\t<\/div>\n\t\t<\/div>\n\t\t\t\t\t<\/div>\n\t\t<\/section>\n\t\t\t\t<\/div>\n\t\t","protected":false},"excerpt":{"rendered":"<p>Aviso Legal Entreprise CAMPING PINETA, S.L.CIF: B22372692CARRETERA PINETA, KM 7, ESPIERBA, BIELSA. 22350 TFNO. 974 501 089 606 717 731 DATOS REGISTRO DE LA SOCIEDAD MERCANTIL REGISTRO MERCANTIL DE HUESCA Tomo 592 Libro 0 Folio 31 Hoja HU-11133 Que fait l&#8217;entreprise? Camping de montagne deuxi\u00e8me cat\u00e9gorie. Situ\u00e9 dans le parc national d&#8217;Ordesa et Monte Perdido, [&hellip;]<\/p>\n","protected":false},"author":1,"featured_media":0,"parent":0,"menu_order":0,"comment_status":"closed","ping_status":"closed","template":"elementor_header_footer","meta":{"footnotes":""},"class_list":["post-3","page","type-page","status-publish","hentry"],"_links":{"self":[{"href":"https:\/\/campingpineta.com\/fr\/wp-json\/wp\/v2\/pages\/3","targetHints":{"allow":["GET"]}}],"collection":[{"href":"https:\/\/campingpineta.com\/fr\/wp-json\/wp\/v2\/pages"}],"about":[{"href":"https:\/\/campingpineta.com\/fr\/wp-json\/wp\/v2\/types\/page"}],"author":[{"embeddable":true,"href":"https:\/\/campingpineta.com\/fr\/wp-json\/wp\/v2\/users\/1"}],"replies":[{"embeddable":true,"href":"https:\/\/campingpineta.com\/fr\/wp-json\/wp\/v2\/comments?post=3"}],"version-history":[{"count":5,"href":"https:\/\/campingpineta.com\/fr\/wp-json\/wp\/v2\/pages\/3\/revisions"}],"predecessor-version":[{"id":854,"href":"https:\/\/campingpineta.com\/fr\/wp-json\/wp\/v2\/pages\/3\/revisions\/854"}],"wp:attachment":[{"href":"https:\/\/campingpineta.com\/fr\/wp-json\/wp\/v2\/media?parent=3"}],"curies":[{"name":"wp","href":"https:\/\/api.w.org\/{rel}","templated":true}]}}