{"id":1065,"date":"2023-09-05T19:32:53","date_gmt":"2023-09-05T17:32:53","guid":{"rendered":"https:\/\/campingpineta.com\/fr\/?page_id=1065"},"modified":"2023-09-05T20:03:06","modified_gmt":"2023-09-05T18:03:06","slug":"regime-interne","status":"publish","type":"page","link":"https:\/\/campingpineta.com\/fr\/regime-interne\/","title":{"rendered":"R\u00e9gime interne"},"content":{"rendered":"\t\t<div data-elementor-type=\"wp-page\" data-elementor-id=\"1065\" class=\"elementor elementor-1065\" data-elementor-post-type=\"page\">\n\t\t\t\t\t\t<section class=\"elementor-section elementor-top-section elementor-element elementor-element-17ee9040 elementor-section-boxed elementor-section-height-default elementor-section-height-default\" data-id=\"17ee9040\" data-element_type=\"section\" data-e-type=\"section\">\n\t\t\t\t\t\t<div class=\"elementor-container elementor-column-gap-default\">\n\t\t\t\t\t<div class=\"elementor-column elementor-col-100 elementor-top-column elementor-element elementor-element-7ba56f26\" data-id=\"7ba56f26\" data-element_type=\"column\" data-e-type=\"column\">\n\t\t\t<div class=\"elementor-widget-wrap elementor-element-populated\">\n\t\t\t\t\t\t<div class=\"elementor-element elementor-element-453ed74 elementor-widget elementor-widget-heading\" data-id=\"453ed74\" data-element_type=\"widget\" data-e-type=\"widget\" data-widget_type=\"heading.default\">\n\t\t\t\t<div class=\"elementor-widget-container\">\n\t\t\t\t\t<h1 class=\"elementor-heading-title elementor-size-default\">R\u00e9gime interne<\/h1>\t\t\t\t<\/div>\n\t\t\t\t<\/div>\n\t\t\t\t<div class=\"elementor-element elementor-element-6fe34b63 elementor-widget elementor-widget-text-editor\" data-id=\"6fe34b63\" data-element_type=\"widget\" data-e-type=\"widget\" data-widget_type=\"text-editor.default\">\n\t\t\t\t<div class=\"elementor-widget-container\">\n\t\t\t\t\t\t\t\t\t<ol>\n \t<li>Pour acc\u00e9der au Camping, la pr\u00e9sentation de votre DNI ou Passeport est OBLIGATOIRE.<\/li>\n \t<li>L&#8217;installation des tentes, caravanes, v\u00e9hicules ou tout autre \u00e9l\u00e9ment de la propri\u00e9t\u00e9 du client ne pourra avoir lieu qu&#8217;\u00e0 l&#8217;endroit indiqu\u00e9 par le r\u00e9ceptionniste, \u00e0 d\u00e9faut, ils seront d\u00e9plac\u00e9s vers une autre zone adapt\u00e9e.<\/li>\n \t<li>La vitesse maximale autoris\u00e9e dans le Camping est de 10 km\/heure.<\/li>\n \t<li>De 24 heures \u00e0 8 heures, l&#8217;acc\u00e8s et la circulation des v\u00e9hicules au sein du camping sont interdits.<\/li>\n \t<li>Dans l&#8217;enceinte du camping, les animaux doivent rester tenus en laisse, sous la surveillance d&#8217;un adulte et, si n\u00e9cessaire, munis d&#8217;une museli\u00e8re. L&#8217;entr\u00e9e des animaux autoris\u00e9s dans les espaces ferm\u00e9s o\u00f9 sont distribu\u00e9s les repas, dans les toilettes, les piscines et dans les chambres ou emplacements des autres campeurs est interdite.<\/li>\n \t<li>Le branchement \u00e9lectrique total fourni aux caravanes, camping-cars et tentes ne d\u00e9passera pas 6 A.<\/li>\n \t<li>Le c\u00e2ble de raccordement sera fourni par le campeur, il lui appartiendra donc de s&#8217;assurer de son \u00e9tat, et il devra \u00eatre optimal, garantissant la s\u00e9curit\u00e9 (type tuyau, avec connexion \u00e0 la terre et sera muni d&#8217;une fiche appropri\u00e9e). Seuls les responsables du Camping pourront manipuler les bo\u00eetiers de raccordement.<\/li>\n \t<li>C&#8217;est une obligation pour les campeurs :<\/li>\n<ol style=\"list-style-type: lower-alpha;\">\n \t<li>\u00e0. Se soumettre aux prescriptions de la Direction de l&#8217;Etablissement, visant au maintien de l&#8217;ordre et de la bonne coexistence dans l&#8217;\u00e9tablissement.<\/li>\n \t<li>Respectez et utilisez correctement les installations mises \u00e0 votre disposition.<\/li>\n \t<li>Respecter les conditions d&#8217;utilisation de l&#8217;eau indiqu\u00e9es par la direction, en garantissant son utilisation la plus rationnelle possible.<\/li>\n<\/ol>\n \t<li>Il est totalement interdit \u00e0 l&#8217;int\u00e9rieur du Camping :<\/li>\n<ol style=\"list-style-type: lower-alpha;\">\n \t<li>\u00e0. D\u00e9ranger le reste des autres campeurs pendant des heures de silence absolu (23h \u2013 8h).<\/li>\n \t<li>Pendant 24 heures. de la journ\u00e9e, tout bruit pouvant g\u00eaner les autres campeurs sera mod\u00e9r\u00e9.<\/li>\n \t<li>Faire un feu au sol ou dans un endroit non autoris\u00e9.<\/li>\n \t<li>Introduire dans le Camping les personnes non autoris\u00e9es par la direction.<\/li>\n \t<li>Suspendre les v\u00eatements dans des endroits non autoris\u00e9s \u00e0 cet effet. Laissez des cordes ou des cordons sur lesquels les autres campeurs pourraient tr\u00e9bucher ou endommager les arbres.<\/li>\n \t<li>Faire la vaisselle, laver le linge et laver les animaux dans les fontaines \u00e0 eau mises \u00e0 disposition au camping.<\/li>\n \t<li>Les eaux grises et les eaux de toilettes chimiques seront rejet\u00e9es dans la zone d\u00e9sign\u00e9e.<\/li>\n<\/ol>\n \t<li>Lors de l&#8217;inscription au Camping, il sera entendu qu&#8217;il existe un engagement \u00e0 accepter les r\u00e8gles d\u00e9crites ci-dessus.<\/li>\n \t<li>La Direction du Camping Pineta, S.L., se r\u00e9serve le droit d&#8217;admission et d&#8217;expulsion aux clients qui ne respectent pas ces r\u00e8gles.<\/li>\n \t<li>\u00c0 la r\u00e9ception du camping et \u00e0 la disposition des clients se trouve le R\u00e8glement qui r\u00e9git le r\u00e9gime interne des Campings en Aragon.<\/li>\n \t<li>Les r\u00e9glementations qui r\u00e9gissent le COVID-19 \u00e0 ce moment-l\u00e0 devront \u00eatre respect\u00e9es, ce qui pourrait constituer un motif d&#8217;expulsion pour non-respect de ces r\u00e9glementations.<\/li>\n \t<li>Les clients b\u00e9n\u00e9ficiant du service \u00ab\u00a0R\u00e9gime de garde\u00a0\u00bb d\u00e9brancheront leur prise de la maison de connexion \u00e0 chaque fois qu&#8217;ils terminent leur s\u00e9jour. Les salles de bains ouvertes en basse saison seront uniquement celles de l&#8217;entrep\u00f4t 2 (pr\u00e8s de la piscine), les autres salles de bains ne sont ouvertes qu&#8217;en haute saison.<\/li>\n \t<li>Le non-respect des consignes du personnel du camping ou le manque de respect \u00e0 l&#8217;\u00e9gard du personnel du camping suffiront \u00e0 faire valoir notre droit d&#8217;admission et pourront amener le client \u00e0 quitter imm\u00e9diatement le camping.<\/li>\n<\/ol>\t\t\t\t\t\t\t\t<\/div>\n\t\t\t\t<\/div>\n\t\t\t\t\t<\/div>\n\t\t<\/div>\n\t\t\t\t\t<\/div>\n\t\t<\/section>\n\t\t\t\t<\/div>\n\t\t","protected":false},"excerpt":{"rendered":"<p>R\u00e9gime interne Pour acc\u00e9der au Camping, la pr\u00e9sentation de votre DNI ou Passeport est OBLIGATOIRE. L&#8217;installation des tentes, caravanes, v\u00e9hicules ou tout autre \u00e9l\u00e9ment de la propri\u00e9t\u00e9 du client ne pourra avoir lieu qu&#8217;\u00e0 l&#8217;endroit indiqu\u00e9 par le r\u00e9ceptionniste, \u00e0 d\u00e9faut, ils seront d\u00e9plac\u00e9s vers une autre zone adapt\u00e9e. La vitesse maximale autoris\u00e9e dans le [&hellip;]<\/p>\n","protected":false},"author":1,"featured_media":0,"parent":0,"menu_order":0,"comment_status":"closed","ping_status":"closed","template":"elementor_header_footer","meta":{"footnotes":""},"class_list":["post-1065","page","type-page","status-publish","hentry"],"_links":{"self":[{"href":"https:\/\/campingpineta.com\/fr\/wp-json\/wp\/v2\/pages\/1065","targetHints":{"allow":["GET"]}}],"collection":[{"href":"https:\/\/campingpineta.com\/fr\/wp-json\/wp\/v2\/pages"}],"about":[{"href":"https:\/\/campingpineta.com\/fr\/wp-json\/wp\/v2\/types\/page"}],"author":[{"embeddable":true,"href":"https:\/\/campingpineta.com\/fr\/wp-json\/wp\/v2\/users\/1"}],"replies":[{"embeddable":true,"href":"https:\/\/campingpineta.com\/fr\/wp-json\/wp\/v2\/comments?post=1065"}],"version-history":[{"count":4,"href":"https:\/\/campingpineta.com\/fr\/wp-json\/wp\/v2\/pages\/1065\/revisions"}],"predecessor-version":[{"id":1071,"href":"https:\/\/campingpineta.com\/fr\/wp-json\/wp\/v2\/pages\/1065\/revisions\/1071"}],"wp:attachment":[{"href":"https:\/\/campingpineta.com\/fr\/wp-json\/wp\/v2\/media?parent=1065"}],"curies":[{"name":"wp","href":"https:\/\/api.w.org\/{rel}","templated":true}]}}